{"id":25,"date":"2020-01-15T16:44:10","date_gmt":"2020-01-15T15:44:10","guid":{"rendered":"http:\/\/retconfilms.com\/?page_id=25"},"modified":"2023-03-09T22:06:52","modified_gmt":"2023-03-09T21:06:52","slug":"neue-startseite","status":"publish","type":"page","link":"https:\/\/retconfilms.com\/","title":{"rendered":""},"content":{"rendered":"\t\t<div data-elementor-type=\"wp-page\" data-elementor-id=\"25\" class=\"elementor elementor-25\">\n\t\t\t\t\t\t<div class=\"elementor-inner\">\n\t\t\t\t<div class=\"elementor-section-wrap\">\n\t\t\t\t\t\t\t\t\t<section class=\"elementor-section elementor-top-section elementor-element elementor-element-a6ee742 elementor-section-boxed elementor-section-height-default elementor-section-height-default\" data-id=\"a6ee742\" data-element_type=\"section\">\n\t\t\t\t\t\t<div class=\"elementor-container elementor-column-gap-default\">\n\t\t\t\t\t\t\t<div class=\"elementor-row\">\n\t\t\t\t\t<div class=\"elementor-column elementor-col-100 elementor-top-column elementor-element elementor-element-1e7d1bf\" data-id=\"1e7d1bf\" data-element_type=\"column\">\n\t\t\t<div class=\"elementor-column-wrap elementor-element-populated\">\n\t\t\t\t\t\t\t<div class=\"elementor-widget-wrap\">\n\t\t\t\t\t\t<div class=\"elementor-element elementor-element-963fd67 elementor-widget elementor-widget-spacer\" data-id=\"963fd67\" data-element_type=\"widget\" data-widget_type=\"spacer.default\">\n\t\t\t\t<div class=\"elementor-widget-container\">\n\t\t\t\t\t<div class=\"elementor-spacer\">\n\t\t\t<div class=\"elementor-spacer-inner\"><\/div>\n\t\t<\/div>\n\t\t\t\t<\/div>\n\t\t\t\t<\/div>\n\t\t\t\t\t\t<\/div>\n\t\t\t\t\t<\/div>\n\t\t<\/div>\n\t\t\t\t\t\t\t\t<\/div>\n\t\t\t\t\t<\/div>\n\t\t<\/section>\n\t\t\t\t<section class=\"elementor-section elementor-top-section elementor-element elementor-element-5b674df elementor-section-boxed elementor-section-height-default elementor-section-height-default\" data-id=\"5b674df\" data-element_type=\"section\">\n\t\t\t\t\t\t<div class=\"elementor-container elementor-column-gap-default\">\n\t\t\t\t\t\t\t<div class=\"elementor-row\">\n\t\t\t\t\t<div class=\"elementor-column elementor-col-50 elementor-top-column elementor-element elementor-element-530d448\" data-id=\"530d448\" data-element_type=\"column\">\n\t\t\t<div class=\"elementor-column-wrap elementor-element-populated\">\n\t\t\t\t\t\t\t<div class=\"elementor-widget-wrap\">\n\t\t\t\t\t\t<div class=\"elementor-element elementor-element-f9867a6 elementor-widget elementor-widget-e_image_hover_effects\" data-id=\"f9867a6\" data-element_type=\"widget\" data-widget_type=\"e_image_hover_effects.default\">\n\t\t\t\t<div class=\"elementor-widget-container\">\n\t\t\t\t\t\t<a href=\"https:\/\/www.youtube.com\/watch?v=Sl4T6UcwxgY\">\n\t\t\t\t\t<div class=\"eihe-box eihe-fade-in-up eihe_center\">\n\t\t\t\t<img width=\"1810\" height=\"2560\" src=\"https:\/\/retconfilms.com\/wp-content\/uploads\/2023\/02\/Lockdown-franzoesisch_A4-scaled.jpg\" class=\"attachment-full size-full wp-image-194\" alt=\"\" decoding=\"async\" srcset=\"https:\/\/retconfilms.com\/wp-content\/uploads\/2023\/02\/Lockdown-franzoesisch_A4-scaled.jpg 1810w, https:\/\/retconfilms.com\/wp-content\/uploads\/2023\/02\/Lockdown-franzoesisch_A4-212x300.jpg 212w, https:\/\/retconfilms.com\/wp-content\/uploads\/2023\/02\/Lockdown-franzoesisch_A4-724x1024.jpg 724w, https:\/\/retconfilms.com\/wp-content\/uploads\/2023\/02\/Lockdown-franzoesisch_A4-768x1086.jpg 768w, https:\/\/retconfilms.com\/wp-content\/uploads\/2023\/02\/Lockdown-franzoesisch_A4-1086x1536.jpg 1086w, https:\/\/retconfilms.com\/wp-content\/uploads\/2023\/02\/Lockdown-franzoesisch_A4-1448x2048.jpg 1448w\" sizes=\"(max-width: 1810px) 100vw, 1810px\" \/>\t\t\t\t<div class=\"eihe-caption\">\n\t\t\t\t\t<div class=\"eihe-title-cover\">\n\t\t\t\t\t\t\t\t\t\t\t\t<h3 class=\"eihe-title\"><\/h3>\n\t\t\t\t\t\t\t\t\t\t\t<\/div>\n\t\t\t\t\t<p>Alet-les-Bains, ein idyllisches Dorf in S\u00fcdfrankreich. Hier, inmitten der bergigen Landschaft, verbringen Marc und Juliette den pandemiebedingten Lockdown. Die Entscheidung der Regierung trifft die beiden hart: Marc verliert seinen Job und l\u00e4sst Juliette seine\nVerzweiflung sp\u00fcren.<\/p>\n\t\t\t\t<\/div>\n\t\t\t<\/div>\n\t\t\t\t\t<\/a>\n\t\t\t\t<\/div>\n\t\t\t\t<\/div>\n\t\t\t\t\t\t<\/div>\n\t\t\t\t\t<\/div>\n\t\t<\/div>\n\t\t\t\t<div class=\"elementor-column elementor-col-50 elementor-top-column elementor-element elementor-element-722d0f3\" data-id=\"722d0f3\" data-element_type=\"column\">\n\t\t\t<div class=\"elementor-column-wrap elementor-element-populated\">\n\t\t\t\t\t\t\t<div class=\"elementor-widget-wrap\">\n\t\t\t\t\t\t<div class=\"elementor-element elementor-element-89eef94 elementor-widget elementor-widget-e_image_hover_effects\" data-id=\"89eef94\" data-element_type=\"widget\" data-widget_type=\"e_image_hover_effects.default\">\n\t\t\t\t<div class=\"elementor-widget-container\">\n\t\t\t\t\t\t<a href=\"https:\/\/www.youtube.com\/watch?v=fjc9SUhlSV0\">\n\t\t\t\t\t<div class=\"eihe-box eihe-fade-in-up eihe_center\">\n\t\t\t\t<img width=\"1240\" height=\"1748\" src=\"https:\/\/retconfilms.com\/wp-content\/uploads\/2023\/03\/Plakat-Premiere-Haidershofen.jpg\" class=\"attachment-full size-full wp-image-239\" alt=\"\" decoding=\"async\" srcset=\"https:\/\/retconfilms.com\/wp-content\/uploads\/2023\/03\/Plakat-Premiere-Haidershofen.jpg 1240w, https:\/\/retconfilms.com\/wp-content\/uploads\/2023\/03\/Plakat-Premiere-Haidershofen-213x300.jpg 213w, https:\/\/retconfilms.com\/wp-content\/uploads\/2023\/03\/Plakat-Premiere-Haidershofen-726x1024.jpg 726w, https:\/\/retconfilms.com\/wp-content\/uploads\/2023\/03\/Plakat-Premiere-Haidershofen-768x1083.jpg 768w, https:\/\/retconfilms.com\/wp-content\/uploads\/2023\/03\/Plakat-Premiere-Haidershofen-1090x1536.jpg 1090w\" sizes=\"(max-width: 1240px) 100vw, 1240px\" \/>\t\t\t\t<div class=\"eihe-caption\">\n\t\t\t\t\t<div class=\"eihe-title-cover\">\n\t\t\t\t\t\t\t\t\t\t\t\t<h3 class=\"eihe-title\"><\/h3>\n\t\t\t\t\t\t\t\t\t\t\t<\/div>\n\t\t\t\t\t<p>Die Teenager, die von digitalen Ger\u00e4ten abh\u00e4ngig sind, fahren auf einen Schulausflug in die Alpen.\nW\u00e4hrend die Jugendlichen im Zug auf ihre Bildschirme starren, bricht die Verbindung allm\u00e4hlich ab und die Schwierigkeiten beginnen - Wie findet man die Kolonie ohne GPS, wie besch\u00e4ftigt man sich ohne Videospiele und wie kommuniziert man ohne Telefon?<\/p>\n\t\t\t\t<\/div>\n\t\t\t<\/div>\n\t\t\t\t\t<\/a>\n\t\t\t\t<\/div>\n\t\t\t\t<\/div>\n\t\t\t\t\t\t<\/div>\n\t\t\t\t\t<\/div>\n\t\t<\/div>\n\t\t\t\t\t\t\t\t<\/div>\n\t\t\t\t\t<\/div>\n\t\t<\/section>\n\t\t\t\t\t\t\t\t\t<\/div>\n\t\t\t<\/div>\n\t\t\t\t\t<\/div>\n\t\t","protected":false},"excerpt":{"rendered":"<p>Alet-les-Bains, ein idyllisches Dorf in S\u00fcdfrankreich. Hier, inmitten der bergigen Landschaft, verbringen Marc und Juliette den pandemiebedingten Lockdown. Die Entscheidung der Regierung trifft die beiden hart: Marc verliert seinen Job und l\u00e4sst Juliette seine Verzweiflung sp\u00fcren. Die Teenager, die von digitalen Ger\u00e4ten abh\u00e4ngig sind, fahren auf einen Schulausflug in die Alpen. W\u00e4hrend die Jugendlichen im&hellip;&nbsp;<a href=\"https:\/\/retconfilms.com\/\" class=\"\" rel=\"bookmark\">Weiterlesen &raquo;<span class=\"screen-reader-text\"><\/span><\/a><\/p>\n","protected":false},"author":1,"featured_media":173,"parent":0,"menu_order":0,"comment_status":"closed","ping_status":"closed","template":"page-templates\/template-pagebuilder-full-width.php","meta":[],"_links":{"self":[{"href":"https:\/\/retconfilms.com\/index.php?rest_route=\/wp\/v2\/pages\/25"}],"collection":[{"href":"https:\/\/retconfilms.com\/index.php?rest_route=\/wp\/v2\/pages"}],"about":[{"href":"https:\/\/retconfilms.com\/index.php?rest_route=\/wp\/v2\/types\/page"}],"author":[{"embeddable":true,"href":"https:\/\/retconfilms.com\/index.php?rest_route=\/wp\/v2\/users\/1"}],"replies":[{"embeddable":true,"href":"https:\/\/retconfilms.com\/index.php?rest_route=%2Fwp%2Fv2%2Fcomments&post=25"}],"version-history":[{"count":133,"href":"https:\/\/retconfilms.com\/index.php?rest_route=\/wp\/v2\/pages\/25\/revisions"}],"predecessor-version":[{"id":341,"href":"https:\/\/retconfilms.com\/index.php?rest_route=\/wp\/v2\/pages\/25\/revisions\/341"}],"wp:featuredmedia":[{"embeddable":true,"href":"https:\/\/retconfilms.com\/index.php?rest_route=\/wp\/v2\/media\/173"}],"wp:attachment":[{"href":"https:\/\/retconfilms.com\/index.php?rest_route=%2Fwp%2Fv2%2Fmedia&parent=25"}],"curies":[{"name":"wp","href":"https:\/\/api.w.org\/{rel}","templated":true}]}}